{"id":1025,"date":"2018-09-20T13:38:41","date_gmt":"2018-09-20T13:38:41","guid":{"rendered":"\/\/www.visioeng.it\/terapie-con-cellule-staminali-della-cornea\/"},"modified":"2018-12-03T16:54:56","modified_gmt":"2018-12-03T16:54:56","slug":"corneal-stem-cell-therapy","status":"publish","type":"page","link":"https:\/\/www.visioeng.it\/en\/corneal-stem-cell-therapy\/","title":{"rendered":"Corneal stem cell therapy"},"content":{"rendered":"<div class=\"aux-vc-wrapper\" >[vc_section][vc_row][vc_column][vc_column_text]\n<h1 style=\"text-align: center;\">Corneal stem cell therapy<\/h1>\n[\/vc_column_text][\/vc_column][\/vc_row][vc_row gap=&#8221;30&#8243;][vc_column offset=&#8221;vc_col-lg-offset-1 vc_col-lg-5 vc_col-md-offset-2 vc_col-md-8 vc_col-sm-offset-0 vc_col-xs-12&#8243;][vc_column_text]<section class=\"aux-bus2-image-green-gradiant-reverse aux-bus2-image-radius-10px widget-container aux-widget-image aux-alignnone aux-parent-auf7782eaf\" style=\"\" >\n    <div class=\"aux-media-hint-frame \">\n        <div class=\"aux-media-image \" >\n        \n            \n\n                            <div class='aux-hover-scale-circle-plus'>\n                    <span class='aux-symbol-plus'><\/span>\n                    <span class='aux-symbol-circle'><\/span>\n                <\/div>\n            \n            <img width=\"777\" height=\"623\" src=\"https:\/\/www.visioeng.it\/wp-content\/uploads\/header_staminali1-777x697.jpg\" class=\"aux-attachment aux-featured-image aux-attachment-id-852\" alt=\"staminali\" srcset=\"https:\/\/www.visioeng.it\/wp-content\/uploads\/header_staminali1-200x179.jpg 200w,https:\/\/www.visioeng.it\/wp-content\/uploads\/header_staminali1-500x449.jpg 500w,https:\/\/www.visioeng.it\/wp-content\/uploads\/header_staminali1-768x689.jpg 768w,https:\/\/www.visioeng.it\/wp-content\/uploads\/header_staminali1-777x697.jpg 777w\" data-ratio=\"1.11\" data-original-w=\"1024\" sizes=\"(max-width:479px) 480px,(max-width:767px) 768px,(max-width:1023px) 1024px,777px\" \/>            \n                <\/div>\n    <\/div>\n\n<\/section><!-- widget-container -->[\/vc_column_text][\/vc_column][vc_column el_class=&#8221;aux-bus2-projects-column&#8221; offset=&#8221;vc_col-lg-offset-0 vc_col-lg-5 vc_col-md-offset-2 vc_col-md-8 vc_col-sm-offset-0 vc_col-xs-12&#8243; css=&#8221;.vc_custom_1537451090800{padding-top: 120px !important;}&#8221;][vc_column_text]<section class=\"aux-bus2-projects-text aux-bus2-green-btn aux-parallax widget-container aux-widget-text aux-parent-au288114b6\" style=\"\" >        <div class=\"aux-widget-advanced-text aux-wrap-style-simple aux-ico-pos-top aux-text-left aux-text-resp-left aux-text-color-dark aux-text-widget-bg-center  \" style=\"background-color: #f9f9f9; \">\n        \n            \n            <div class=\"aux-text-inner aux-text-widget-content\">\n                                <div class=\"widget-content\">\n                                        \n<h3>Corneal stem cell<\/h3>\n<div class=\"aux-bus2-title-divider\"><\/div>\n                <\/div>\n                            <\/div>\n        <\/div>\n                    <div class=\"aux-text-widget-footer\">\n                <div class=\"aux-border-shape-none \">\n                                <\/div>\n            <\/div>\n        \n<\/section><!-- widget-container -->[\/vc_column_text][\/vc_column][\/vc_row][vc_row css=&#8221;.vc_custom_1532705427259{margin-bottom: 110px !important;}&#8221;][vc_column width=&#8221;1\/2&#8243;][vc_column_text]The surface of the cornea is covered by the epithelium consisting of several layers of transparent cells and constantly renewed by the action of the stem cells present at its edges (the corneal limbus). When corneal stem cells are damaged by chemicals, mechanical trauma, infection, contact lens abuse, severe damage can occur with opacification of the cornea. In these cases, corneal transplantation alone is not enough to restore corneal health and integrity. It is therefore necessary, before transplantation, to reconstruct the corneal surface, through an autologous stem cell transplantation, taken from the patient&#8217;s healthy fellow eye and grown in the laboratory in order to obtain sufficient quantities to cover the surface of the eye.<\/p>\n<p>The cultured cells are grafted onto the affected eye. The most recent data of the literature show that the overall survival rate of the graft is about 90% at one year, but it goes down to 74% at 5 years, and 62% after 10 years. In any case, there is often (almost 50% of cases) a residual scar in the corneal tissue, which makes vision blurred. A second surgery, including corneal grafting, is therefore needed but it cannot be performed earlier than 1 year after corneal stem cell transplantation.[\/vc_column_text][\/vc_column][vc_column width=&#8221;1\/2&#8243;][vc_custom_heading text=&#8221;Our Project&#8221; font_container=&#8221;tag:h2|text_align:left|color:%2300c1cf&#8221; use_theme_fonts=&#8221;yes&#8221;][vc_column_text]Vision Engineering Italy\u2019s team has participated to the development of a new method of cultivation of corneal stem cells that may be able to improve the outcome of current techniques and may allow for restoring vision in a single operation. The work of our staff consisted in developing a method for analyzing the cultures of corneal stem cells non-invasively. Our work provided the Eye Bank technician with an instrument capable of accurately assessing the proliferation and health of cultured epithelial cells[\/vc_column_text][vc_custom_heading text=&#8221;Publication&#8221; font_container=&#8221;tag:h2|text_align:left|color:%2300c1cf&#8221; use_theme_fonts=&#8221;yes&#8221;][vc_column_text]\n<ul>\n<li><a href=\"\/wp-content\/uploads\/2-photon-of-hemicornea_Sci-Rep-1.pdf\" target=\"_blank\" rel=\"noopener\">Lombardo M, Serrao S, Barbaro V, Di Iorio E, Lombardo G. Multimodal imaging quality control of epithelia regenerated with cultured human donor corneal limbal epithelial stem cells .Sci Rep 2017; 7:5154.<\/a><\/li>\n<\/ul>\n[\/vc_column_text][\/vc_column][\/vc_row][vc_row disable_element=&#8221;yes&#8221; css=&#8221;.vc_custom_1536589552666{margin-bottom: 110px !important;}&#8221;][vc_column width=&#8221;1\/2&#8243;][vc_column_text]Vision Engineering Italy \u00e8 impegnata nello sviluppo di metodi automatici ed intelligenti di diagnosi ultra-precoce delle patologie della retina.[\/vc_column_text][vc_tta_accordion style=&#8221;flat&#8221; shape=&#8221;square&#8221; color=&#8221;turquoise&#8221; active_section=&#8221;1&#8243; css_animation=&#8221;none&#8221; no_fill=&#8221;true&#8221; collapsible_all=&#8221;true&#8221;][vc_tta_section title=&#8221;Ottica adattiva in oftalmologia&#8221; tab_id=&#8221;1536589526357-6119359f-35fa&#8221;][vc_column_text]L\u2019ottica adattiva \u00e8 una tecnica sviluppata dagli astronomi per migliorare la qualit\u00e0 delle immagini degli oggetti celesti acquisite con i telescopi terrestri.<\/p>\n<p>Il primo prototipo di oftalmoscopio ad ottica adattiva \u00e8 stato progettato nei laboratori di Ottica della Visione nell\u2019Universit\u00e0 di Rochester (USA) nel 1996.[\/vc_column_text][vc_row_inner][vc_column_inner width=&#8221;1\/4&#8243;][vc_single_image image=&#8221;781&#8243; add_caption=&#8221;yes&#8221; onclick=&#8221;link_image&#8221;][\/vc_column_inner][vc_column_inner width=&#8221;3\/4&#8243;][vc_column_text]<em>Immagine dei fotorecettori retinici. La tecnologia ad ottica adattiva consente di risolvere le singole cellule retiniche in vivo. Ogni cellula ha diametro di pochi microni (1 micron = 1 millesimo di millimetro). Grazie all\u2019ottica adattiva sar\u00e0 presto possibile diagnosticare precocemente le malattie della retina e salvare la vista a milioni di persone in tutto il mondo.<\/em>[\/vc_column_text][\/vc_column_inner][\/vc_row_inner][\/vc_tta_section][vc_tta_section title=&#8221;Come funziona l\u2019ottica adattiva&#8221; tab_id=&#8221;1536589527753-89c98e37-e124&#8243;][vc_column_text]L&#8217;ottica adattiva \u00e8 una tecnologia che consente la correzione delle aberrazioni ottiche oculari. Gli attuali strumenti di diagnostica delle malattie della retina e del nervo ottico, come l\u2019OCT e l\u2019oftalmoscopia laser, sono fortemente limitati dalle aberrazioni ottiche. L\u2019oftalmoscopia ad ottica adattiva ha una risoluzione 5 volte superiore rispetto ai migliori strumenti oggi in commercio. Consente di osserve le singole microstrutture retiniche, come le cellule (i fotorecettori), i capillari e le fibre nervose. La nuova tecnologia \u00e8 in uso clinico gi\u00e0 da una decina di anni ed ha fornito nuove e significative conoscenze dell\u2019anatomia e della fisiologia della retina e del nervo ottico; il suo scopo principale sar\u00e0 quello di fornire al medico oculista un potente strumento per la diagnosi precoce delle malattie pi\u00f9 frequenti dell\u2019occhio, come le maculopatie ed il glaucoma.[\/vc_column_text][vc_row_inner][vc_column_inner width=&#8221;1\/4&#8243;][vc_single_image image=&#8221;636&#8243; img_size=&#8221;medium&#8221;][\/vc_column_inner][vc_column_inner width=&#8221;3\/4&#8243;][vc_column_text]<em>A sinistra un&#8217;immagine del fondo oculare acquisita con l&#8217;oftalmoscopia a scansione laser. Nella regione maculare \u00e8 sovraimposta l&#8217;immagine acquisista con l&#8217;oftalmoscopia ad Ottica Adattiva. In basso un dettaglio dello strato dei fotorecettori della macula<\/em>[\/vc_column_text][\/vc_column_inner][\/vc_row_inner][\/vc_tta_section][vc_tta_section title=&#8221;Il nostro progetto&#8221; tab_id=&#8221;1536589529547-14369102-741e&#8221;][vc_column_text]I fondatori di Vision Engineering Italy sono impegnati nello sviluppo della tecnologia ad ottica adattiva sin dal 2002. L\u2019esperienza maturata in questi anni rappresenta il punto di forza del nostro staff che collabora con i pi\u00f9 importanti centri di ricerca nel mondo con l\u2019unico obiettivo di accelerare l\u2019uso clinico di questa tecnologia.<\/p>\n<p>Considerato che oggi, in moltissimi casi, le patologie retiniche e del nervo ottico sono diagnosticati solo dopo la comparsa di danni retinici significativi ed irreversibili, la diagnosi precoce pu\u00f2 rappresentare il primo passo al fine di curare precocemente i danni tissutali e salvaguardare la vista. Tutto ci\u00f2 comporta la necessit\u00e0 di sviluppare strumenti e metodi sensibili a cambiamenti specifici, come la perdita di fotorecettori. L\u2019aumento di contrasto ed il potere di risoluzione offerti dall&#8217;ottica adattiva sono in grado di raggiungere questo scopo.[\/vc_column_text][\/vc_tta_section][\/vc_tta_accordion][\/vc_column][vc_column width=&#8221;1\/2&#8243;][vc_custom_heading text=&#8221;Pubblicazioni&#8221; font_container=&#8221;tag:h2|text_align:left|color:%2300c1cf&#8221; use_theme_fonts=&#8221;yes&#8221;][vc_column_text]\n<ul>\n<li><a href=\"\/wp-content\/uploads\/Methods-for-investigating-the-local-spatial-anisotropy_Vis-Neurosci.pdf\" target=\"_blank\" rel=\"noopener\">Cooper RF, Lombardo M, Carroll J, Sloan KR, Lombardo G. Methods for investigating the local spatial anisotropy and the preferred orientation of cones in adaptive optics retinal images. Vis Neurosci 2016, 33: e005.<\/a><\/li>\n<li><a href=\"\/wp-content\/uploads\/AO-new-metrics-in-type-1-diabetes_Plos-One.pdf\" target=\"_blank\" rel=\"noopener\">Lombardo M, Parravano M, Serrao S, Ziccardi L, Giannini D, Lombardo G. Investigation of Adaptive Optics Imaging Biomarkers for Detecting Pathological Changes of the Cone Mosaic in Patients with Type 1 Diabetes Mellitus. PLoS One 2016; 11(3):e0151380.<\/a><\/li>\n<li><a href=\"\/wp-content\/uploads\/AO-imaging-iERM-after-surgery_Retina.pdf\" target=\"_blank\" rel=\"noopener\">Lombardo M, Scarinci F, Giannini D, Pileri M, Ripandelli G, Stirpe M, Lombardo G, Serrao S. High-resolution multimodal imaging following idiopathic epiretinal membrane surgery. Retina 2016; 36(1): 171-180.<\/a><\/li>\n<li><a href=\"\/wp-content\/uploads\/Multimodal-AO-OCT-imaging-of-OMD_Am-J-Ophthalmol-1.pdf\" target=\"_blank\" rel=\"noopener\">Ziccardi L, Giannini D, Lombardo G, Serrao S, Dell\u2019Omo R, Nicoletti A, Bertelli M, Lombardo M. Multimodal approach to monitoring and investigating cone structure and function in an inherited macular dystrophy. Am J Ophthalmol, 2015; 160(2):301-312.e6<\/a><\/li>\n<\/ul>\n[\/vc_column_text][\/vc_column][\/vc_row][\/vc_section][vc_row disable_element=&#8221;yes&#8221;][vc_column][vc_single_image image=&#8221;598&#8243; img_size=&#8221;large&#8221; style=&#8221;vc_box_shadow_border&#8221;][vc_column_text]\n<h3><strong>La cornea<\/strong><\/h3>\n<p>La cornea \u00e8 il tessuto trasparente pi\u00f9 esterno dell\u2019occhio umano e ne rappresenta la lente principale. Ogni alterazione del tessuto compromette fortemente la capacit\u00e0 visiva dell\u2019occhio.<\/p>\n<p>Il tessuto corneale \u00e8 costituito da cinque strati sovrapposti che, dall\u2019esterno verso l\u2019interno, sono rappresentati dall\u2019epitelio, la membrana di Bowman, lo stroma, la membrana di Descemet e l\u2019endotelio.<\/p>\n<p>L\u2019epitelio \u00e8 formato da una serie di strati cellulari sovrapposti; \u00e8 capace di rigenerarsi grazie all\u2019attivit\u00e0 delle cellule staminali situate nel limbus corneale. Lo stroma rappresenta la parte pi\u00f9 cospicua del tessuto corneale e provvede a mantenere le propriet\u00e0 meccaniche ed ottiche del tessuto. E\u2019 costituito di collagene. L\u2019endotelio \u00e8 costituito da un singolo strato di cellule la cui funzione \u00e8 quella di mantenere il corretto stato di idratazione del tessuto.[\/vc_column_text][vc_column_text]\n<h3><strong>Patologie della cornea<\/strong><\/h3>\n<p>Le alterazioni dell\u2019integrit\u00e0 e\/o della trasparenza del tessuto corneale rappresentano la terza causa globale di grave perdita della vista nel mondo. Traumi, infezioni o patologie genetiche possono compromettere il corretto funzionamento del tessuto e causare la perdita di trasparenza propria della cornea. Nonostante i continui progressi delle tecnologie oftalmiche, come l\u2019introduzione dell\u2019OCT e della Scheimpflug camera, ad oggi il principale componente della cornea, ovvero il collagene, rimane invisibile al medico oculistica!<\/p>\n<p>&nbsp;<\/p>\n<h3><strong>Il nostro progetto <\/strong><\/h3>\n<p>Vision Engineering Italy sta studiando una nuova soluzione altamente innovativa per la diagnosi precoce delle patologie corneali. Lo studio \u00e8 condotto in collaborazione con i pi\u00f9 importanti centri di ricerca in biofotonica e microscopia ad alta risoluzione in Europa. La tecnologia in via di sviluppo per l\u2019uso clinico \u00e8 basata sulla microscopia non lineare a due fotoni.[\/vc_column_text][\/vc_column][\/vc_row]\n<\/div> ","protected":false},"excerpt":{"rendered":"<p>[vc_section][vc_row][vc_column][vc_column_text] Corneal stem cell therapy [\/vc_column_text][\/vc_column][\/vc_row][vc_row gap=&#8221;30&#8243;][vc_column offset=&#8221;vc_col-lg-offset-1 vc_col-lg-5 vc_col-md-offset-2 vc_col-md-8 vc_col-sm-offset-0 vc_col-xs-12&#8243;][vc_column_text][\/vc_column_text][\/vc_column][vc_column el_class=&#8221;aux-bus2-projects-column&#8221; offset=&#8221;vc_col-lg-offset-0 vc_col-lg-5 vc_col-md-offset-2 vc_col-md-8 vc_col-sm-offset-0 vc_col-xs-12&#8243; css=&#8221;.vc_custom_1537451090800{padding-top: 120px !important;}&#8221;][vc_column_text][\/vc_column_text][\/vc_column][\/vc_row][vc_row css=&#8221;.vc_custom_1532705427259{margin-bottom: 110px !important;}&#8221;][vc_column width=&#8221;1\/2&#8243;][vc_column_text]The surface of the cornea is covered by the epithelium consisting of several layers of transparent cells and constantly renewed by the action of the stem cells present at [&hellip;]<\/p>\n","protected":false},"author":2,"featured_media":0,"parent":0,"menu_order":0,"comment_status":"closed","ping_status":"closed","template":"","meta":[],"_links":{"self":[{"href":"https:\/\/www.visioeng.it\/en\/wp-json\/wp\/v2\/pages\/1025"}],"collection":[{"href":"https:\/\/www.visioeng.it\/en\/wp-json\/wp\/v2\/pages"}],"about":[{"href":"https:\/\/www.visioeng.it\/en\/wp-json\/wp\/v2\/types\/page"}],"author":[{"embeddable":true,"href":"https:\/\/www.visioeng.it\/en\/wp-json\/wp\/v2\/users\/2"}],"replies":[{"embeddable":true,"href":"https:\/\/www.visioeng.it\/en\/wp-json\/wp\/v2\/comments?post=1025"}],"version-history":[{"count":4,"href":"https:\/\/www.visioeng.it\/en\/wp-json\/wp\/v2\/pages\/1025\/revisions"}],"predecessor-version":[{"id":1180,"href":"https:\/\/www.visioeng.it\/en\/wp-json\/wp\/v2\/pages\/1025\/revisions\/1180"}],"wp:attachment":[{"href":"https:\/\/www.visioeng.it\/en\/wp-json\/wp\/v2\/media?parent=1025"}],"curies":[{"name":"wp","href":"https:\/\/api.w.org\/{rel}","templated":true}]}}